{"id":183,"date":"2017-01-19T17:54:07","date_gmt":"2017-01-19T17:54:07","guid":{"rendered":"http:\/\/cbatista.com.br\/?page_id=183"},"modified":"2017-01-19T17:57:24","modified_gmt":"2017-01-19T17:57:24","slug":"proposta-pedagogica","status":"publish","type":"page","link":"https:\/\/cbatista.com.br\/?page_id=183","title":{"rendered":"Proposta Pedag\u00f3gica"},"content":{"rendered":"<p style=\"text-align: left;\">O Col\u00e9gio Batista oferece tr\u00eas anos de ensino na Educa\u00e7\u00e3o Infantil: Maternal II, Pr\u00e9 I e Pr\u00e9 II. Em ambientes exclusivos, os alunos desenvolvem suas habilidades desde os primeiros anos de vida escolar.<\/p>\n<p style=\"text-align: left;\">O trabalho pedag\u00f3gico para esse n\u00edvel desenvolve-se por meio de quatro eixos. A\u00a0<strong>pesquisa<\/strong> proporciona a descoberta do mundo. As\u00a0<strong>hist\u00f3rias<\/strong> estimulam o exerc\u00edcio de escutar, imaginar, interpretar e contar. A\u00a0<strong>arte<\/strong> desenvolve a sensibilidade est\u00e9tica e a criatividade. Os<strong> jogos<\/strong> promovem o racioc\u00ednio l\u00f3gico, a comunica\u00e7\u00e3o e a socializa\u00e7\u00e3o, a capacidade de trabalhar em equipe, de respeitar as regras e o pr\u00f3ximo. Esses quatro eixos s\u00e3o permeados pela afetividade, criando um ambiente em que a crian\u00e7a se sente segura e feliz.<\/p>\n<p style=\"text-align: left;\">No Col\u00e9gio Positivo, a crian\u00e7a \u00e9 protagonista de seu pr\u00f3prio aprendizado. A escola ensina ela a pensar, despertando sua curiosidade. A intera\u00e7\u00e3o com colegas, com professores e com os ambientes \u00e9 o eixo articulador da aprendizagem.<\/p>\n<p style=\"text-align: left;\">Nas\u00a0<strong>Esta\u00e7\u00f5es Pedag\u00f3gicas<\/strong>, os alunos experimentam o prazer da descoberta, por meio da explora\u00e7\u00e3o de objetos e espa\u00e7os f\u00edsicos da escola, em que estabelecem contato com diferentes linguagens. Al\u00e9m de valorizar a ludicidade, a pr\u00e1tica oportuniza o desenvolvimento da autonomia e de diferentes habilidades cognitivas e emocionais.<\/p>\n<p>&nbsp;<\/p>\n","protected":false},"excerpt":{"rendered":"<p>O Col\u00e9gio Batista oferece tr\u00eas anos de ensino na Educa\u00e7\u00e3o Infantil: Maternal II, Pr\u00e9 I e Pr\u00e9 II. Em ambientes exclusivos, os alunos desenvolvem suas habilidades desde os primeiros anos&#8230;<\/p>\n","protected":false},"author":5,"featured_media":0,"parent":2,"menu_order":0,"comment_status":"open","ping_status":"open","template":"","meta":[],"_links":{"self":[{"href":"https:\/\/cbatista.com.br\/index.php?rest_route=\/wp\/v2\/pages\/183"}],"collection":[{"href":"https:\/\/cbatista.com.br\/index.php?rest_route=\/wp\/v2\/pages"}],"about":[{"href":"https:\/\/cbatista.com.br\/index.php?rest_route=\/wp\/v2\/types\/page"}],"author":[{"embeddable":true,"href":"https:\/\/cbatista.com.br\/index.php?rest_route=\/wp\/v2\/users\/5"}],"replies":[{"embeddable":true,"href":"https:\/\/cbatista.com.br\/index.php?rest_route=%2Fwp%2Fv2%2Fcomments&post=183"}],"version-history":[{"count":4,"href":"https:\/\/cbatista.com.br\/index.php?rest_route=\/wp\/v2\/pages\/183\/revisions"}],"predecessor-version":[{"id":188,"href":"https:\/\/cbatista.com.br\/index.php?rest_route=\/wp\/v2\/pages\/183\/revisions\/188"}],"up":[{"embeddable":true,"href":"https:\/\/cbatista.com.br\/index.php?rest_route=\/wp\/v2\/pages\/2"}],"wp:attachment":[{"href":"https:\/\/cbatista.com.br\/index.php?rest_route=%2Fwp%2Fv2%2Fmedia&parent=183"}],"curies":[{"name":"wp","href":"https:\/\/api.w.org\/{rel}","templated":true}]}}