{"id":189,"date":"2017-01-19T17:59:16","date_gmt":"2017-01-19T17:59:16","guid":{"rendered":"http:\/\/cbatista.com.br\/?page_id=189"},"modified":"2017-01-19T17:59:16","modified_gmt":"2017-01-19T17:59:16","slug":"espacos","status":"publish","type":"page","link":"https:\/\/cbatista.com.br\/?page_id=189","title":{"rendered":"Espa\u00e7os"},"content":{"rendered":"<p>Os espa\u00e7os da Educa\u00e7\u00e3o Infantil foram planejados para promover a constru\u00e7\u00e3o do conhecimento e da autonomia e possibilitar a intera\u00e7\u00e3o entre os alunos, ensinando-os a conviver harmoniosamente e aceitar as diferen\u00e7as.<\/p>\n","protected":false},"excerpt":{"rendered":"<p>Os espa\u00e7os da Educa\u00e7\u00e3o Infantil foram planejados para promover a constru\u00e7\u00e3o do conhecimento e da autonomia e possibilitar a intera\u00e7\u00e3o entre os alunos, ensinando-os a conviver harmoniosamente e aceitar as&#8230;<\/p>\n","protected":false},"author":5,"featured_media":0,"parent":2,"menu_order":0,"comment_status":"open","ping_status":"open","template":"","meta":[],"_links":{"self":[{"href":"https:\/\/cbatista.com.br\/index.php?rest_route=\/wp\/v2\/pages\/189"}],"collection":[{"href":"https:\/\/cbatista.com.br\/index.php?rest_route=\/wp\/v2\/pages"}],"about":[{"href":"https:\/\/cbatista.com.br\/index.php?rest_route=\/wp\/v2\/types\/page"}],"author":[{"embeddable":true,"href":"https:\/\/cbatista.com.br\/index.php?rest_route=\/wp\/v2\/users\/5"}],"replies":[{"embeddable":true,"href":"https:\/\/cbatista.com.br\/index.php?rest_route=%2Fwp%2Fv2%2Fcomments&post=189"}],"version-history":[{"count":1,"href":"https:\/\/cbatista.com.br\/index.php?rest_route=\/wp\/v2\/pages\/189\/revisions"}],"predecessor-version":[{"id":190,"href":"https:\/\/cbatista.com.br\/index.php?rest_route=\/wp\/v2\/pages\/189\/revisions\/190"}],"up":[{"embeddable":true,"href":"https:\/\/cbatista.com.br\/index.php?rest_route=\/wp\/v2\/pages\/2"}],"wp:attachment":[{"href":"https:\/\/cbatista.com.br\/index.php?rest_route=%2Fwp%2Fv2%2Fmedia&parent=189"}],"curies":[{"name":"wp","href":"https:\/\/api.w.org\/{rel}","templated":true}]}}