{"id":192,"date":"2017-01-19T18:04:34","date_gmt":"2017-01-19T18:04:34","guid":{"rendered":"http:\/\/cbatista.com.br\/?page_id=192"},"modified":"2017-01-19T18:05:49","modified_gmt":"2017-01-19T18:05:49","slug":"ensino-fundamental-i","status":"publish","type":"page","link":"https:\/\/cbatista.com.br\/?page_id=192","title":{"rendered":"ENSINO FUNDAMENTAL I"},"content":{"rendered":"<p><iframe width=\"560\" height=\"315\" src=\"https:\/\/www.youtube.com\/embed\/neCpo6lsATU\" frameborder=\"0\" allowfullscreen><\/iframe><\/p>\n<p>Nessa fase do aprendizado, o aluno \u00e9 estimulado ao desenvolvimento do\u00a0<strong>racioc\u00ednio l\u00f3gico e cr\u00edtico<\/strong>, da\u00a0<strong>criatividade<\/strong> e da\u00a0<strong>sensibilidade est\u00e9tica<\/strong>. O estudante tem a oportunidade de aprender os conte\u00fados em intera\u00e7\u00e3o com a realidade, aplicando os conhecimentos no dia a dia, de forma din\u00e2mica e prazerosa.<\/p>\n<p>Ao ingressar no Ensino Fundamental, o aluno \u00e9 inserido em um espa\u00e7o de in\u00fameros est\u00edmulos, que buscam n\u00e3o s\u00f3 despertar novas intera\u00e7\u00f5es e criar conhecimentos, mas tamb\u00e9m ampli\u00e1-los por meio das m\u00faltiplas linguagens e trabalh\u00e1-los de modo cooperativo, usufruindo da criatividade, do encantamento pelo mundo da leitura e do desenvolvimento do racioc\u00ednio l\u00f3gico.<\/p>\n<p>Ao vivenciar e explorar diferentes situa\u00e7\u00f5es na vida escolar, o aluno constr\u00f3i a capacidade de decodificar e interpretar suas experi\u00eancias. \u00c9 com o uso da linguagem que ela obt\u00e9m melhor entendimento do mundo, al\u00e9m de refletir e questionar tudo o que j\u00e1 lhe \u00e9 conhecido, promovendo, assim, a aprendizagem.<\/p>\n<p>No Col\u00e9gio Batista, espera-se que os alunos desenvolvam aspectos cognitivos e emocionais, ampliando o autoconhecimento por meio de momentos l\u00fadicos e contextualizados. Os educadores da institui\u00e7\u00e3o buscam trabalhar para que cada crian\u00e7a seja um ser \u00fanico e coletivo, particular e global. E, acima de tudo, espera-se que cada aluno seja uma crian\u00e7a feliz.<\/p>\n<p>&nbsp;<\/p>\n<p>&nbsp;<\/p>\n","protected":false},"excerpt":{"rendered":"<p>Nessa fase do aprendizado, o aluno \u00e9 estimulado ao desenvolvimento do\u00a0racioc\u00ednio l\u00f3gico e cr\u00edtico, da\u00a0criatividade e da\u00a0sensibilidade est\u00e9tica. O estudante tem a oportunidade de aprender os conte\u00fados em intera\u00e7\u00e3o com&#8230;<\/p>\n","protected":false},"author":5,"featured_media":0,"parent":0,"menu_order":0,"comment_status":"open","ping_status":"open","template":"","meta":[],"_links":{"self":[{"href":"https:\/\/cbatista.com.br\/index.php?rest_route=\/wp\/v2\/pages\/192"}],"collection":[{"href":"https:\/\/cbatista.com.br\/index.php?rest_route=\/wp\/v2\/pages"}],"about":[{"href":"https:\/\/cbatista.com.br\/index.php?rest_route=\/wp\/v2\/types\/page"}],"author":[{"embeddable":true,"href":"https:\/\/cbatista.com.br\/index.php?rest_route=\/wp\/v2\/users\/5"}],"replies":[{"embeddable":true,"href":"https:\/\/cbatista.com.br\/index.php?rest_route=%2Fwp%2Fv2%2Fcomments&post=192"}],"version-history":[{"count":3,"href":"https:\/\/cbatista.com.br\/index.php?rest_route=\/wp\/v2\/pages\/192\/revisions"}],"predecessor-version":[{"id":194,"href":"https:\/\/cbatista.com.br\/index.php?rest_route=\/wp\/v2\/pages\/192\/revisions\/194"}],"wp:attachment":[{"href":"https:\/\/cbatista.com.br\/index.php?rest_route=%2Fwp%2Fv2%2Fmedia&parent=192"}],"curies":[{"name":"wp","href":"https:\/\/api.w.org\/{rel}","templated":true}]}}