{"id":197,"date":"2017-01-19T18:11:42","date_gmt":"2017-01-19T18:11:42","guid":{"rendered":"http:\/\/cbatista.com.br\/?page_id=197"},"modified":"2017-01-19T18:11:42","modified_gmt":"2017-01-19T18:11:42","slug":"ensino-fundamental-ii","status":"publish","type":"page","link":"https:\/\/cbatista.com.br\/?page_id=197","title":{"rendered":"ENSINO FUNDAMENTAL II"},"content":{"rendered":"<p><iframe width=\"560\" height=\"315\" src=\"https:\/\/www.youtube.com\/embed\/X4-435F4VkI\" frameborder=\"0\" allowfullscreen><\/iframe><\/p>\n<p>No Col\u00e9gio Batista, o Ensino Fundamental II \u00e9 a fase marcada pelo est\u00edmulo \u00e0\u00a0criatividade. Para isso, neste n\u00edvel de ensino, a institui\u00e7\u00e3o prop\u00f5e ampliar\u00a0o conhecimento e aprofundar os conte\u00fados adquiridos no n\u00edvel anterior; aprimorar as capacidades de comunica\u00e7\u00e3o e de intera\u00e7\u00e3o; consolidar o h\u00e1bito de estudo e promover a inicia\u00e7\u00e3o em projetos cient\u00edficos, art\u00edsticos e esportivos.<\/p>\n","protected":false},"excerpt":{"rendered":"<p>No Col\u00e9gio Batista, o Ensino Fundamental II \u00e9 a fase marcada pelo est\u00edmulo \u00e0\u00a0criatividade. Para isso, neste n\u00edvel de ensino, a institui\u00e7\u00e3o prop\u00f5e ampliar\u00a0o conhecimento e aprofundar os conte\u00fados adquiridos&#8230;<\/p>\n","protected":false},"author":5,"featured_media":0,"parent":0,"menu_order":0,"comment_status":"open","ping_status":"open","template":"","meta":[],"_links":{"self":[{"href":"https:\/\/cbatista.com.br\/index.php?rest_route=\/wp\/v2\/pages\/197"}],"collection":[{"href":"https:\/\/cbatista.com.br\/index.php?rest_route=\/wp\/v2\/pages"}],"about":[{"href":"https:\/\/cbatista.com.br\/index.php?rest_route=\/wp\/v2\/types\/page"}],"author":[{"embeddable":true,"href":"https:\/\/cbatista.com.br\/index.php?rest_route=\/wp\/v2\/users\/5"}],"replies":[{"embeddable":true,"href":"https:\/\/cbatista.com.br\/index.php?rest_route=%2Fwp%2Fv2%2Fcomments&post=197"}],"version-history":[{"count":2,"href":"https:\/\/cbatista.com.br\/index.php?rest_route=\/wp\/v2\/pages\/197\/revisions"}],"predecessor-version":[{"id":199,"href":"https:\/\/cbatista.com.br\/index.php?rest_route=\/wp\/v2\/pages\/197\/revisions\/199"}],"wp:attachment":[{"href":"https:\/\/cbatista.com.br\/index.php?rest_route=%2Fwp%2Fv2%2Fmedia&parent=197"}],"curies":[{"name":"wp","href":"https:\/\/api.w.org\/{rel}","templated":true}]}}