{"id":201,"date":"2017-01-19T18:13:50","date_gmt":"2017-01-19T18:13:50","guid":{"rendered":"http:\/\/cbatista.com.br\/?page_id=201"},"modified":"2017-01-19T18:13:50","modified_gmt":"2017-01-19T18:13:50","slug":"ensino-medio","status":"publish","type":"page","link":"https:\/\/cbatista.com.br\/?page_id=201","title":{"rendered":"ENSINO M\u00c9DIO"},"content":{"rendered":"<p><iframe width=\"560\" height=\"315\" src=\"https:\/\/www.youtube.com\/embed\/9E6DpFsH98w\" frameborder=\"0\" allowfullscreen><\/iframe><\/p>\n<p>Essa \u00e9 uma das fases mais importantes na vida do aluno, na qual s\u00e3o tomadas decis\u00f5es que ser\u00e3o significativas no futuro, como a\u00a0<strong>escolha da carreira<\/strong>. Nesse n\u00edvel de ensino, o Col\u00e9gio Batista intensifica o grau de exig\u00eancia e de\u00a0<strong>prepara\u00e7\u00e3o<\/strong>, para que o aluno conquiste vagas nas melhores universidades e faculdades do pa\u00eds.<\/p>\n<p>No Col\u00e9gio Batista, os alunos\u00a0participam do projeto\u00a0ideal para se destacarem\u00a0nos vestibulares mais\u00a0concorridos.<\/p>\n<p>&nbsp;<\/p>\n","protected":false},"excerpt":{"rendered":"<p>Essa \u00e9 uma das fases mais importantes na vida do aluno, na qual s\u00e3o tomadas decis\u00f5es que ser\u00e3o significativas no futuro, como a\u00a0escolha da carreira. Nesse n\u00edvel de ensino, o&#8230;<\/p>\n","protected":false},"author":5,"featured_media":0,"parent":0,"menu_order":0,"comment_status":"open","ping_status":"open","template":"","meta":[],"_links":{"self":[{"href":"https:\/\/cbatista.com.br\/index.php?rest_route=\/wp\/v2\/pages\/201"}],"collection":[{"href":"https:\/\/cbatista.com.br\/index.php?rest_route=\/wp\/v2\/pages"}],"about":[{"href":"https:\/\/cbatista.com.br\/index.php?rest_route=\/wp\/v2\/types\/page"}],"author":[{"embeddable":true,"href":"https:\/\/cbatista.com.br\/index.php?rest_route=\/wp\/v2\/users\/5"}],"replies":[{"embeddable":true,"href":"https:\/\/cbatista.com.br\/index.php?rest_route=%2Fwp%2Fv2%2Fcomments&post=201"}],"version-history":[{"count":1,"href":"https:\/\/cbatista.com.br\/index.php?rest_route=\/wp\/v2\/pages\/201\/revisions"}],"predecessor-version":[{"id":202,"href":"https:\/\/cbatista.com.br\/index.php?rest_route=\/wp\/v2\/pages\/201\/revisions\/202"}],"wp:attachment":[{"href":"https:\/\/cbatista.com.br\/index.php?rest_route=%2Fwp%2Fv2%2Fmedia&parent=201"}],"curies":[{"name":"wp","href":"https:\/\/api.w.org\/{rel}","templated":true}]}}