{"id":204,"date":"2017-01-19T18:21:50","date_gmt":"2017-01-19T18:21:50","guid":{"rendered":"http:\/\/cbatista.com.br\/?page_id=204"},"modified":"2017-01-19T18:21:50","modified_gmt":"2017-01-19T18:21:50","slug":"proposta-pedagogica","status":"publish","type":"page","link":"https:\/\/cbatista.com.br\/?page_id=204","title":{"rendered":"Proposta Pedag\u00f3gica"},"content":{"rendered":"<p>Nessa fase do aprendizado, o aluno \u00e9 estimulado a desenvolver o racioc\u00ednio l\u00f3gico e cr\u00edtico, a criatividade e a sensibilidade est\u00e9tica. O estudante tem a oportunidade de explorar e vivenciar as m\u00faltiplas linguagens, aprender os conte\u00fados em intera\u00e7\u00e3o com a realidade, aplicando os conhecimentos no dia a dia, de forma din\u00e2mica e prazerosa.<\/p>\n<p>O aprendizado acontece por meio de viv\u00eancias l\u00fadicas\u00a0e \u00e9 permeado pela afetividade, com o objetivo de desenvolver repert\u00f3rio de c\u00f3digos de linguagens, racioc\u00ednio l\u00f3gico e cr\u00edtico, sensibilidade est\u00e9tica, express\u00e3o corporal e percep\u00e7\u00e3o e an\u00e1lise dos fen\u00f4menos ocorridos diariamente.<\/p>\n<p>&nbsp;<\/p>\n","protected":false},"excerpt":{"rendered":"<p>Nessa fase do aprendizado, o aluno \u00e9 estimulado a desenvolver o racioc\u00ednio l\u00f3gico e cr\u00edtico, a criatividade e a sensibilidade est\u00e9tica. O estudante tem a oportunidade de explorar e vivenciar&#8230;<\/p>\n","protected":false},"author":5,"featured_media":0,"parent":192,"menu_order":0,"comment_status":"open","ping_status":"open","template":"","meta":[],"_links":{"self":[{"href":"https:\/\/cbatista.com.br\/index.php?rest_route=\/wp\/v2\/pages\/204"}],"collection":[{"href":"https:\/\/cbatista.com.br\/index.php?rest_route=\/wp\/v2\/pages"}],"about":[{"href":"https:\/\/cbatista.com.br\/index.php?rest_route=\/wp\/v2\/types\/page"}],"author":[{"embeddable":true,"href":"https:\/\/cbatista.com.br\/index.php?rest_route=\/wp\/v2\/users\/5"}],"replies":[{"embeddable":true,"href":"https:\/\/cbatista.com.br\/index.php?rest_route=%2Fwp%2Fv2%2Fcomments&post=204"}],"version-history":[{"count":1,"href":"https:\/\/cbatista.com.br\/index.php?rest_route=\/wp\/v2\/pages\/204\/revisions"}],"predecessor-version":[{"id":205,"href":"https:\/\/cbatista.com.br\/index.php?rest_route=\/wp\/v2\/pages\/204\/revisions\/205"}],"up":[{"embeddable":true,"href":"https:\/\/cbatista.com.br\/index.php?rest_route=\/wp\/v2\/pages\/192"}],"wp:attachment":[{"href":"https:\/\/cbatista.com.br\/index.php?rest_route=%2Fwp%2Fv2%2Fmedia&parent=204"}],"curies":[{"name":"wp","href":"https:\/\/api.w.org\/{rel}","templated":true}]}}